{"id":1188,"date":"2015-12-23T14:49:13","date_gmt":"2015-12-23T14:49:13","guid":{"rendered":"http:\/\/cattle-farm.ancorathemes.com\/?page_id=1188"},"modified":"2021-08-08T19:46:26","modified_gmt":"2021-08-08T17:46:26","slug":"kanzlei","status":"publish","type":"page","link":"https:\/\/balin-legal.de\/ru\/kanzlei\/","title":{"rendered":"Kanzlei"},"content":{"rendered":"<p>[vc_row][vc_column]<div class=\"sc_section bg_man \" data-animation=\"animated fadeInRight normal\"><div class=\"sc_section_inner\"><\/div><\/div><div class=\"sc_section\"><div class=\"sc_section_inner\"><\/div><\/div>[vc_empty_space height=&#8221;0px&#8221;]<h6 class=\"sc_title sc_title_underline margin_top_null\" style=\"margin-bottom: 1em;font-size:32px;\"><b>Anwaltskanzlei BALIN LEGAL<\/b><\/h6>[\/vc_row][vc_row full_width=&#8221;stretch_row_content_no_spaces&#8221; el_class=&#8221;gall&#8221;][vc_column]<div class=\"sc_parallax\" data-parallax-speed=\"-1\" data-parallax-x-pos=\"50%\" data-parallax-y-pos=\"50%\"><div class=\"sc_parallax_content\" style=\"background-image:url(https:\/\/balin-legal.de\/wp-content\/uploads\/2017\/02\/iStock-504754076-Justizia.jpg); background-position:50% 50%;\">[vc_empty_space height=&#8221;300px&#8221;]<\/div><\/div>[\/vc_column][\/vc_row]<\/p>\n<div style=\"height: 30px;\"><\/div>\n<p>[vc_row]<h3 class=\"sc_title sc_title_regular margin_top_null\" style=\"margin-bottom: 1px;\">DIE ANWALTSKANZLEI<\/h3>[vc_column_text]Die Anwaltskanzlei BALIN LEGAL, gegr\u00fcndet und gef\u00fchrt von Herrn Rechtsanwalt Eugen Balin, LL.M., ist eine bundesweit t\u00e4tige Wirtschaftsrechtskanzlei mit Sitz in Hamburg. [\/vc_column_text][vc_empty_space]<h3 class=\"sc_title sc_title_regular margin_top_null\" style=\"margin-bottom: 1px;\">AUSRICHTUNG F\u00dcR IHR RECHT<\/h3>[vc_column_text]Die Anwaltskanzlei BALIN LEGAL ist ausgerichtet auf die Beratung und Vertretung von Unternehmen, Unternehmern und Privatiers u.a. auf den Gebieten des Steuerrechts, des Handels- und Gesellschaftsrechts, des allgemeinen Wirtschafts- und Zivilrechts sowie des Rechts der freien Berufe. Hierbei setzen wir uns zuverl\u00e4ssig und engagiert f\u00fcr die Interessen unserer Mandanten ein und stehen f\u00fcr ganzheitliche Probleml\u00f6sungen und eine pers\u00f6nliche anwaltliche Betreuung.[\/vc_column_text][vc_column_text]Erfahren Sie mehr \u00fcber unsere Schwerpunkte im Men\u00fcbereich unter <strong><a href=\"http:\/\/balin-legal.de\/kompetenzen\/\">KOMPETENZEN<\/a><\/strong>.[\/vc_column_text][vc_empty_space]<h3 class=\"sc_title sc_title_regular margin_top_null\" style=\"margin-bottom: 1px;\">IN HAMBURGS HERZEN<\/h3>[vc_column_text]Sie finden uns im \u201eEsplace\u201c an der Esplanade 40, hier, wo das Herz von Hamburg schl\u00e4gt. Sprechen Sie uns an und lernen Sie die Anwaltskanzlei BALIN LEGAL kennen.[\/vc_column_text][vc_empty_space]<h3 class=\"sc_title sc_title_regular margin_top_null\" style=\"margin-bottom: 1px;\">AUF JEDE FRAGE GIBT ES EINE ANTWORT<\/h3>[vc_column_text]Bei Fragen stehen wir Ihnen gerne unter <a style=\"white-space: nowrap;\" href=\"tel:00494046654054\"><strong>+49 (0)40 466 54 0 54<\/strong><\/a> oder per E-Mail unter <a href=\"mailto:info@balin-legal.de?subject=Anfrage%20bei%20Anwaltskanzlei%20BALIN%20LEGAL&#038;body=Sehr%20geehrter%20Herr%20Rechtsanwalt%20Balin%2C%0A%0Agerne%20m%C3%B6chte%20ich%20eine%20Beratung%20durch%20Ihre%20Anwaltskanzlei%20in%20Anspruch%20nehmen.%0A%0ABitte%20kontaktieren%20Sie%20mich%20zwecks%20Terminvereinbarung%20unter%20folgender%0ATelefonnummer%2FMobilfunknummer%3A%20___________%20.%20Sie%20erreichen%20mich%20vorzugsweise%20am%0A(Wochentag%2C%20Datum)%20von%20%E2%80%A6%20Uhr%20bis%20%E2%80%A6%20Uhr.%0A%0AMit%20freundlichen%20Gr%C3%BC%C3%9Fen%0A(Vor-%2C%20Nachname)%0A%0AWeitere%20freiwillige%20Angaben%3A%0AKurze%20Sachverhaltsschilderung%3A%0AVor-%2C%20Nachname%2C%20Firma%3A%0ATelefon%3A%0AE-Mail%3A%0AAnschrift%3A%20(Stra%C3%9Fe%2C%20Hausnummer%2C%20PLZ%2C%20Stadt)%20\">info@balin-legal.de<\/a> zur Verf\u00fcgung. Rufen Sie uns an, wir helfen Ihnen gerne weiter.[\/vc_column_text][\/vc_row][vc_empty_space][vc_empty_space]<\/p>\n","protected":false},"excerpt":{"rendered":"<p>[vc_row][vc_column][vc_empty_space][\/vc_column][vc_column width=&#8221;1\/2&#8243;][vc_single_image image=&#8221;2151&#8243; img_size=&#8221;large&#8221; alignment=&#8221;center&#8221; css=&#8221;.vc_custom_1476090749928{margin-top: 45px !important;}&#8221;][\/vc_column][\/vc_row]<\/p>\n","protected":false},"author":1,"featured_media":0,"parent":0,"menu_order":0,"comment_status":"closed","ping_status":"closed","template":"","meta":[],"translation":{"provider":"WPGlobus","version":"2.5.16","language":"ru","enabled_languages":["de","en","fr","ru"],"languages":{"de":{"title":true,"content":true,"excerpt":false},"en":{"title":false,"content":true,"excerpt":false},"fr":{"title":false,"content":false,"excerpt":false},"ru":{"title":false,"content":false,"excerpt":false}}},"_links":{"self":[{"href":"https:\/\/balin-legal.de\/ru\/wp-json\/wp\/v2\/pages\/1188"}],"collection":[{"href":"https:\/\/balin-legal.de\/ru\/wp-json\/wp\/v2\/pages"}],"about":[{"href":"https:\/\/balin-legal.de\/ru\/wp-json\/wp\/v2\/types\/page"}],"author":[{"embeddable":true,"href":"https:\/\/balin-legal.de\/ru\/wp-json\/wp\/v2\/users\/1"}],"replies":[{"embeddable":true,"href":"https:\/\/balin-legal.de\/ru\/wp-json\/wp\/v2\/comments?post=1188"}],"version-history":[{"count":43,"href":"https:\/\/balin-legal.de\/ru\/wp-json\/wp\/v2\/pages\/1188\/revisions"}],"predecessor-version":[{"id":2903,"href":"https:\/\/balin-legal.de\/ru\/wp-json\/wp\/v2\/pages\/1188\/revisions\/2903"}],"wp:attachment":[{"href":"https:\/\/balin-legal.de\/ru\/wp-json\/wp\/v2\/media?parent=1188"}],"curies":[{"name":"wp","href":"https:\/\/api.w.org\/{rel}","templated":true}]}}