{"id":1038,"date":"2015-12-21T11:14:33","date_gmt":"2015-12-21T11:14:33","guid":{"rendered":"http:\/\/cattle-farm.ancorathemes.com\/?page_id=1038"},"modified":"2022-02-13T16:50:50","modified_gmt":"2022-02-13T15:50:50","slug":"kontakt","status":"publish","type":"page","link":"https:\/\/balin-legal.de\/ru\/kontakt\/","title":{"rendered":"Kontakt"},"content":{"rendered":"<p>[vc_row][vc_column css=&#8221;.vc_custom_1460619953136{margin-top: 2.6em !important;margin-bottom: 3.6em !important;}&#8221;][vc_column_text]<\/p>\n<h3 style=\"text-align: center;\"><strong>Anwaltskanzlei BALIN LEGAL<\/strong><br \/><strong>Rechtsanwalt Eugen Balin, LL.M.<\/strong><br \/><strong>Esplanade 40, 20354 Hamburg<\/strong><br \/>Germany<br \/>Tel.: +49 (0)40 466 54 0 54<br \/>Fax: +49 (0)40 466 54 0 55<br \/>E-Mail: <a href=\"mailto:info@balin-legal.de?subject=Anfrage%20bei%20Anwaltskanzlei%20BALIN%20LEGAL&#038;body=Sehr%20geehrter%20Herr%20Rechtsanwalt%20Balin%2C%0A%0Agerne%20m%C3%B6chte%20ich%20eine%20Beratung%20durch%20Ihre%20Anwaltskanzlei%20in%20Anspruch%20nehmen.%0A%0ABitte%20kontaktieren%20Sie%20mich%20zwecks%20Terminvereinbarung%20unter%20folgender%0ATelefonnummer%2FMobilfunknummer%3A%20___________%20.%20Sie%20erreichen%20mich%20vorzugsweise%20am%0A(Wochentag%2C%20Datum)%20von%20%E2%80%A6%20Uhr%20bis%20%E2%80%A6%20Uhr.%0A%0AMit%20freundlichen%20Gr%C3%BC%C3%9Fen%0A(Vor-%2C%20Nachname)%0A%0AWeitere%20freiwillige%20Angaben%3A%0AKurze%20Sachverhaltsschilderung%3A%0AVor-%2C%20Nachname%2C%20Firma%3A%0ATelefon%3A%0AE-Mail%3A%0AAnschrift%3A%20(Stra%C3%9Fe%2C%20Hausnummer%2C%20PLZ%2C%20Stadt)%20\">info@balin-legal.de<\/a><\/h3>\n<p>[\/vc_column_text][\/vc_column][\/vc_row][vc_row][vc_column css=&#8221;.vc_custom_1460619953136{margin-top: 2.6em !important;margin-bottom: 3.6em !important;}&#8221;][\/vc_column][\/vc_row][vc_row][vc_column width=&#8221;1\/3&#8243;][vc_empty_space][vc_icon icon_fontawesome=&#8221;fa fa-envelope&#8221; color=&#8221;custom&#8221; size=&#8221;xl&#8221; align=&#8221;center&#8221; custom_color=&#8221;#00508c&#8221;][vc_column_text]<\/p>\n<h3 style=\"text-align: center;\"><a href=\"mailto:info@balin-legal.de?subject=Anfrage%20bei%20Anwaltskanzlei%20BALIN%20LEGAL&#038;body=Sehr%20geehrter%20Herr%20Rechtsanwalt%20Balin%2C%0A%0Agerne%20m%C3%B6chte%20ich%20eine%20Beratung%20durch%20Ihre%20Anwaltskanzlei%20in%20Anspruch%20nehmen.%0A%0ABitte%20kontaktieren%20Sie%20mich%20zwecks%20Terminvereinbarung%20unter%20folgender%0ATelefonnummer%2FMobilfunknummer%3A%20___________%20.%20Sie%20erreichen%20mich%20vorzugsweise%20am%0A(Wochentag%2C%20Datum)%20von%20%E2%80%A6%20Uhr%20bis%20%E2%80%A6%20Uhr.%0A%0AMit%20freundlichen%20Gr%C3%BC%C3%9Fen%0A(Vor-%2C%20Nachname)%0A%0AWeitere%20freiwillige%20Angaben%3A%0AKurze%20Sachverhaltsschilderung%3A%0AVor-%2C%20Nachname%2C%20Firma%3A%0ATelefon%3A%0AE-Mail%3A%0AAnschrift%3A%20(Stra%C3%9Fe%2C%20Hausnummer%2C%20PLZ%2C%20Stadt)%20\">Schreiben Sie uns.<\/a><\/h3>\n<p>[\/vc_column_text][vc_empty_space][vc_column_text]Nehmen Sie per E-Mail Kontakt mit uns auf. Unsere E-Mail-Adresse ist: <a href=\"mailto:info@balin-legal.de\">info@balin-legal.de<\/a>. Wir werden uns dann gerne mit Ihnen in Verbindung setzen.[\/vc_column_text][vc_empty_space][\/vc_column][vc_column width=&#8221;1\/3&#8243;][vc_empty_space][vc_icon icon_fontawesome=&#8221;fa fa-phone-square&#8221; color=&#8221;custom&#8221; size=&#8221;xl&#8221; align=&#8221;center&#8221; custom_color=&#8221;#00508c&#8221;][vc_column_text]<\/p>\n<h3 style=\"text-align: center;\"><a href=\"tel:00494046654054\">Rufen Sie uns an.<\/a><\/h3>\n<p>[\/vc_column_text][vc_empty_space][vc_column_text]Unter <a href=\"tel:+4904046654054\">+49 (0)40 466 54 0 54<\/a> stehen wir Ihnen gerne w\u00e4hrend unserer Sprechzeiten zur Verf\u00fcgung. Nutzen Sie auf Wunsch unser Kontaktformular, falls Sie einen R\u00fcckruf von uns w\u00fcnschen.[\/vc_column_text][vc_empty_space][\/vc_column][vc_column width=&#8221;1\/3&#8243;][vc_empty_space][vc_icon icon_fontawesome=&#8221;fa fa-home&#8221; color=&#8221;custom&#8221; size=&#8221;xl&#8221; align=&#8221;center&#8221; custom_color=&#8221;#00508c&#8221;][vc_column_text]<\/p>\n<h3 style=\"text-align: center;\">Besuchen Sie unser B\u00fcro.<\/h3>\n<p>[\/vc_column_text][vc_empty_space][vc_column_text]Unsere Kanzlei finden Sie im &#8220;Esplace&#8221; an der Esplanade 40, 20354 Hamburg, hier, wo das Herz von Hamburg schl\u00e4gt. Bitte vereinbaren Sie vorher telefonisch einen Termin, um Wartezeiten zu vermeiden.[\/vc_column_text][vc_empty_space][\/vc_column][\/vc_row][vc_row css=&#8221;.vc_custom_1483958615522{padding-bottom: 690px !important;background-image: url(http:\/\/balin-legal.de\/wp-content\/uploads\/2018\/03\/Justitia1.jpg) !important;background-position: center !important;background-repeat: no-repeat !important;background-size: cover !important;}&#8221;][vc_column]<div class=\"sc_parallax\" data-parallax-speed=\"0.3\" data-parallax-x-pos=\"10%\" data-parallax-y-pos=\"50%\"><div class=\"sc_parallax_content\" style=\"background-image:url(https:\/\/balin-legal.de\/wp-content\/uploads\/2015\/12\/Bild-4.jpg); background-position:10% 50%;\"><\/div><\/div><div class=\"sc_parallax\" data-parallax-speed=\"0.3\" data-parallax-x-pos=\"50%\" data-parallax-y-pos=\"50%\"><div class=\"sc_parallax_content\" style=\"background-image:url(https:\/\/balin-legal.de\/wp-content\/uploads\/2015\/12\/Bild-4.jpg); background-position:50% 50%;\"><\/div><\/div><div id=\"sc_googlemap_1113540850\" class=\"sc_googlemap\" style=\"width:100%;height:240px;\" data-zoom=\"16\" data-style=\"default\"><div id=\"sc_googlemap_1113540850_1\" class=\"sc_googlemap_marker\" data-title=\"Rechtsanwalt Balin\" data-description=\"\" data-address=\"Hamburg\" data-latlng=\"53.554982, 9.989829\" data-point=\"http:\/\/balin-legal.de\/wp-content\/uploads\/2015\/12\/google_maps.png\"><\/div><\/div>[\/vc_column][\/vc_row][vc_row][vc_column css=&#8221;.vc_custom_1460619953136{margin-top: 2.6em !important;margin-bottom: 3.6em !important;}&#8221;][vc_column_text]<\/p>\n<h3 style=\"text-align: left;\">Anreise mit den \u00f6ffentlichen Verkehrsmitteln:<\/h3>\n<p style=\"text-align: justify;\">Sie k\u00f6nnen unser B\u00fcro sehr bequem mit U-Bahn, Bus oder S-Bahn erreichen. Durch die nur zwei Gehminuten entfernt gelegene Haltestelle Stephansplatz (U-Bahn-Linie U1, Buslinien 4, 5, 34, 36, 109) sowie durch die wenige Gehminuten entfernt gelegene U+S-Bahn-Station Jungfernstieg (U-Bahn-Linien U1, U2, U4, S-Bahn-Linien S1, S2, S3) ist unsere Anwaltskanzlei sehr gut zu erreichen. Falls Sie mit dem Zug anreisen, k\u00f6nnen Sie mit den genannten \u00f6ffentlichen Verkehrsmitteln bequem sowohl vom Hamburger Hauptbahnhof als auch vom Bahnhof Hamburg Dammtor in wenigen Minuten unser B\u00fcro erreichen.<\/p>\n<h3 style=\"text-align: left;\">Anreise mit dem Auto:<\/h3>\n<p style=\"text-align: justify;\">Bei Anreise mit dem Auto k\u00f6nnen Sie auf den Parkschein-Parkpl\u00e4tzen an der Esplanade oder in den naheliegenden Parkh\u00e4usern \u00a0bequem parken und in wenigen Gehminuten unser B\u00fcro erreichen.<\/p>\n<h3 style=\"text-align: left;\">Anreise ab Airport Hamburg (Fuhlsb\u00fcttel):<\/h3>\n<p style=\"text-align: justify;\">Bei Anreise mit Flugzeug empfehlen wir direkt ab Airport Hamburg mit der S1 (Richtung Blankenese\/Wedel) bis zur S-Bahn-Station Jungfernstieg zu fahren. Von dort erreichen Sie uns zu Fu\u00df in nur wenigen Gehminuten. Mit dem Taxi erreichen Sie uns vom Flughafen in ca. 25 Minuten.<\/p>\n<p>[\/vc_column_text][\/vc_column][\/vc_row][vc_row][vc_column][vc_raw_html]JTNDaWZyYW1lJTIwc3JjJTNEJTIyaHR0cHMlM0ElMkYlMkZ3d3cuZ29vZ2xlLmNvbSUyRm1hcHMlMkZlbWJlZCUzRnBiJTNEJTIxMW0xOCUyMTFtMTIlMjExbTMlMjExZDIzNzAuMTQ5MzcxMDU0MzYzJTIxMmQ5Ljk4NzgyMzUxNTk5NDA1JTIxM2Q1My41NTUxMDA5NjY3NTUwMiUyMTJtMyUyMTFmMCUyMTJmMCUyMTNmMCUyMTNtMiUyMTFpMTAyNCUyMTJpNzY4JTIxNGYxMy4xJTIxM20zJTIxMW0yJTIxMXMweDQ3YjE4OTBmYmE1ZWY0NTElMjUzQTB4OTQyY2YzMzNiOGM3ODE3ZSUyMTJzQW53YWx0c2thbnpsZWklMkJCQUxJTiUyQkxFR0FMJTJCLSUyQlJlY2h0c2Fud2FsdCUyQkV1Z2VuJTJCQmFsaW4lMjUyQyUyQkxMLk0uJTIxNWUwJTIxM20yJTIxMXNkZSUyMTJzZGUlMjE0djE0ODYwMjQ2OTI4MzIlMjIlMjB3aWR0aCUzRCUyMjEwMCUyNSUyMiUyMGhlaWdodCUzRCUyMjU1MCUyMiUyMGZyYW1lYm9yZGVyJTNEJTIyMCUyMiUyMHN0eWxlJTNEJTIyYm9yZGVyJTNBMCUyMiUyMGFsbG93ZnVsbHNjcmVlbiUzRSUzQyUyRmlmcmFtZSUzRQ==[\/vc_raw_html][\/vc_column][\/vc_row]<a name=\"kontaktformzeile\"><\/a>[vc_row css=&#8221;.vc_custom_1483959296038{margin-top: 150px !important;}&#8221;][vc_column]<h3 class=\"sc_title sc_title_regular margin_top_null\" style=\"margin-bottom: 1px;\">Haben Sie Fragen? Dann wenden Sie sich bitte an uns. Wir freuen uns, Ihnen behilflich sein zu k\u00f6nnen.<\/h3>[\/vc_column][\/vc_row][vc_row css=&#8221;.vc_custom_1486025219760{margin-top: 50px !important;}&#8221;][vc_column width=&#8221;1\/2&#8243;][vc_column_text]<strong>R\u00fcckrufservice der Anwaltskanzlei BALIN LEGAL<\/strong><br \/>Der Kontakt mit Ihnen ist f\u00fcr uns sehr wichtig. Bei Fragen, Terminanfragen, Mandatsauftr\u00e4gen sind wir gerne f\u00fcr Sie da.<\/p>\n<p><strong>So erreichen Sie uns<\/strong><br \/>Sie erreichen uns telefonisch unter <a href=\"tel:+494046654054\"><strong>+49 (0)40 466 54 0 54<\/strong><\/a> von Montag bis Freitag von 9:00 Uhr &#8211; 18:00 Uhr oder per E-Mail unter <a href=\"mailto:info@balin-legal.de\"><strong>info@balin-legal.de<\/strong><\/a>.<br \/>Sollten Sie uns einmal telefonisch nicht sofort erreichen, rufen wir Sie gerne umgehend zur\u00fcck.[\/vc_column_text][\/vc_column][vc_column width=&#8221;1\/2&#8243;][\/vc_column][\/vc_row]<\/p>\n\n\n<p><\/p>\n","protected":false},"excerpt":{"rendered":"<p>[vc_row][vc_column css=&#8221;.vc_custom_1460619953136{margin-top: 2.6em !important;margin-bottom: 3.6em !important;}&#8221;][vc_column_text] Anwaltskanzlei BALIN LEGALRechtsanwalt Eugen Balin, LL.M.Esplanade 40, 20354 HamburgGermanyTel.: +49 (0)40 466 54 0 54Fax: +49 (0)40 466 54 0 55E-Mail: info@balin-legal.de [\/vc_column_text][\/vc_column][\/vc_row][vc_row][vc_column css=&#8221;.vc_custom_1460619953136{margin-top: 2.6em !important;margin-bottom: 3.6em !important;}&#8221;][\/vc_column][\/vc_row][vc_row][vc_column width=&#8221;1\/3&#8243;][vc_empty_space][vc_icon icon_fontawesome=&#8221;fa fa-envelope&#8221; color=&#8221;custom&#8221; size=&#8221;xl&#8221; align=&#8221;center&#8221; custom_color=&#8221;#00508c&#8221;][vc_column_text] Schreiben Sie uns. [\/vc_column_text][vc_empty_space][vc_column_text]Nehmen Sie per E-Mail Kontakt mit uns auf. Unsere E-Mail-Adresse ist: [&hellip;]<\/p>\n","protected":false},"author":1,"featured_media":0,"parent":0,"menu_order":0,"comment_status":"closed","ping_status":"closed","template":"","meta":[],"translation":{"provider":"WPGlobus","version":"2.5.16","language":"ru","enabled_languages":["de","en","fr","ru"],"languages":{"de":{"title":true,"content":true,"excerpt":false},"en":{"title":false,"content":false,"excerpt":false},"fr":{"title":false,"content":false,"excerpt":false},"ru":{"title":false,"content":false,"excerpt":false}}},"_links":{"self":[{"href":"https:\/\/balin-legal.de\/ru\/wp-json\/wp\/v2\/pages\/1038"}],"collection":[{"href":"https:\/\/balin-legal.de\/ru\/wp-json\/wp\/v2\/pages"}],"about":[{"href":"https:\/\/balin-legal.de\/ru\/wp-json\/wp\/v2\/types\/page"}],"author":[{"embeddable":true,"href":"https:\/\/balin-legal.de\/ru\/wp-json\/wp\/v2\/users\/1"}],"replies":[{"embeddable":true,"href":"https:\/\/balin-legal.de\/ru\/wp-json\/wp\/v2\/comments?post=1038"}],"version-history":[{"count":60,"href":"https:\/\/balin-legal.de\/ru\/wp-json\/wp\/v2\/pages\/1038\/revisions"}],"predecessor-version":[{"id":2911,"href":"https:\/\/balin-legal.de\/ru\/wp-json\/wp\/v2\/pages\/1038\/revisions\/2911"}],"wp:attachment":[{"href":"https:\/\/balin-legal.de\/ru\/wp-json\/wp\/v2\/media?parent=1038"}],"curies":[{"name":"wp","href":"https:\/\/api.w.org\/{rel}","templated":true}]}}