{"id":2,"date":"2015-12-10T15:18:05","date_gmt":"2015-12-10T15:18:05","guid":{"rendered":"http:\/\/cattle-farm.ancorathemes.com\/?page_id=2"},"modified":"2026-03-30T18:37:26","modified_gmt":"2026-03-30T16:37:26","slug":"ansprechpartner","status":"publish","type":"page","link":"https:\/\/balin-legal.de\/fr\/ansprechpartner\/","title":{"rendered":"Ansprechpartner"},"content":{"rendered":"<p>[vc_row full_width=&#8221;stretch_row&#8221; el_class=&#8221;width: 100px&#8221;][vc_column width=&#8221;1\/2&#8243; css=&#8221;.vc_custom_1476090960607{margin-right: -100px !important;}&#8221;]<h6 class=\"sc_title sc_title_underline margin_top_null\" style=\"margin-bottom: 1em;font-size:45px;\">Eugen Balin, LL.M.<\/h6><h3 class=\"sc_title sc_title_regular margin_top_small- margin_bottom_large\" style=\"margin-bottom: 1px;\">Rechtsanwalt<\/h3><h3 class=\"sc_title sc_title_regular margin_top_null\" style=\"margin-bottom: 1px;\">T\u00e4tigkeitsschwerpunkte<\/h3>[vc_column_text]<\/p>\n<ul>\n<li><a href=\" http:\/\/balin-legal.de\/kompetenzen\/steuerrecht\/\">Steuerrecht<\/a><\/li>\n<li><a href=\"http:\/\/balin-legal.de\/kompetenzen\/gesellschaftsrecht\/\">Gesellschaftsrecht<\/a><\/li>\n<li><a href=\"http:\/\/balin-legal.de\/kompetenzen\/handelsrecht\/\">Handelsrecht<\/a><\/li>\n<li><a href=\"http:\/\/balin-legal.de\/kompetenzen\/allgemeines-wirtschaftsrecht\/\">Allgemeines Wirtschaftsrecht<\/a><\/li>\n<li><a href=\"http:\/\/balin-legal.de\/kompetenzen\/recht-der-freien-berufe\/\">Recht der freien Berufe<\/a><\/li>\n<li><a href=\"http:\/\/balin-legal.de\/kompetenzen\/allgemeines-zivilrecht\/\">Allgemeines Zivilrecht<\/a><\/li>\n<\/ul>\n<p>[\/vc_column_text][\/vc_column][vc_column width=&#8221;1\/2&#8243;][vc_single_image image=&#8221;2007&#8243; img_size=&#8221;full&#8221;][\/vc_column][\/vc_row][vc_row][vc_column el_class=&#8221;elementMitToggles&#8221;]<div class=\"sc_section bg_ma \" data-animation=\"animated fadeInRight normal\"><div class=\"sc_section_inner\"><div class=\"sc_section\"><div class=\"sc_section_inner\">[vc_empty_space height=&#8221;0px&#8221;][vc_empty_space]<h3 class=\"sc_title sc_title_regular margin_top_null\" style=\"margin-bottom: 1px;\">Studium und beruflicher Werdegang<\/h3>[vc_column_text]<\/p>\n<p style=\"text-align: justify;\">Herr Rechtsanwalt Eugen Balin, LL.M. studierte <strong>Rechtswissenschaften<\/strong> an den juristischen Fakult\u00e4ten der Ruprecht-Karls-Universit\u00e4t <strong>Heidelberg<\/strong> und der Universit\u00e9 Paul C\u00e9zanne Aix-Marseille III in Aix-en-Provence (Frankreich) und legte das <strong>erste juristische Staatsexamen<\/strong> vor dem Justizministerium Baden-W\u00fcrttemberg und das <strong>zweite juristische Staatsexamen<\/strong> vor dem Justizministerium Nordrhein-Westfalen erfolgreich ab.<\/p>\n<p style=\"text-align: justify;\">Anschlie\u00dfend hat die rechtswissenschaftliche Fakult\u00e4t der Universit\u00e4t Hagen Herrn Rechtsanwalt Balin den akademischen Grad <strong>Master of Laws (LL.M.)<\/strong> verliehen, nachdem er ein weiteres juristisches Studium erfolgreich absolvierte. Seine Masterarbeit verfasste er zu folgendem gesellschaftsrechtlichen Thema: \u201eDie neue Partnerschaftsgesellschaft mit beschr\u00e4nkter Berufshaftung (PartG mbB) \u2013 Voraussetzungen, systematische Einordnung sowie Vor- und Nachteile gegen\u00fcber anderen Rechtsformen\u201c.<\/p>\n<p style=\"text-align: justify;\">Seit 2013 ist Herr Balin als Rechtsanwalt zugelassen. In den Jahren 2013 bis 2015 absolvierte Herr Rechtsanwalt Balin erfolgreich die Fachanwaltslehrg\u00e4nge im Steuerrecht und im Handels- und Gesellschaftsrecht bei der Deutschen Anwalt Akademie und erwarb sowohl das <strong>Klausurenzertifikat \u201eFachanwalt f\u00fcr Handels- und Gesellschaftsrecht&#8221;<\/strong> als auch das <strong>Klausurenzertifikat \u201eFachanwalt f\u00fcr Steuerrecht&#8221;<\/strong> gem\u00e4\u00df der Fachanwaltsordnung.<\/p>\n<p>[\/vc_column_text][vc_column_text]Erfahren Sie mehr \u00fcber unsere Schwerpunkte im Men\u00fcbereich unter <strong><a href=\"http:\/\/balin-legal.de\/kompetenzen\/\">KOMPETENZEN<\/a><\/strong>.[\/vc_column_text][vc_empty_space]<h3 class=\"sc_title sc_title_regular margin_top_null\" style=\"margin-bottom: 1px;\">Fortbildungen<\/h3>[vc_column_text]<\/p>\n<p>27.11.2024:<strong> \u201eSteueranwaltstag plus; Aktuelles zur Besteuerung der Personengesellschaften\u201c,<br \/>\n<\/strong>Deutsche Anwaltakademie<\/p>\n<p>19.11.2024:<strong> \u201eSteuerfolgen von Sanierungsma\u00dfnahmen\u201c,<br \/>\n<\/strong>Hamburgischer Anwaltverein e.V.<\/p>\n<p>13.11.2024:<strong> \u201eSchwarzgeld in der Familie\u201c,<br \/>\n<\/strong>Deutsche Anwaltakademie<\/p>\n<p>18.10.2024:<strong> \u201eDeutscher Handels- und Gesellschaftsrechtstag\u201c,<br \/>\n<\/strong>Deutsche Anwaltakademie<\/p>\n<p>14.11.2023:<strong> \u201eDer Umgang mit Betriebspr\u00fcfern und Steuerfahndern \u2013 Verhaltensregeln f\u00fcr die Betriebspr\u00fcfung\u201c,<br \/>\n<\/strong>RA Dr. Christian Bertrand<\/p>\n<p>11.10.2023: <strong>\u201eDas insolvenzbedrohte Steuermandat \u2013 Steuerrisiken der Sanierung\u201c,<br \/>\n<\/strong>RA Dr. Klaus Olbing<\/p>\n<p>29.09.2023 \u2013 30.09.2023: <strong>\u201e18. Deutscher Handels- und Gesellschaftsrechtstag\u201c<\/strong><\/p>\n<p>13.12.2022: <strong>\u201eAktuelle Rechtsprechung und Entwicklung im Gesellschaftsrecht 2022\u201c,<br \/>\n<\/strong>Dr. Maximilian Houf<\/p>\n<p>17.11.2022 &#8211; 18.11.2022: <strong>\u201eAktuelle Rechtsprechung im Gesellschaftsrecht\u201c,<br \/>\n<\/strong>Manfred Born, Richter am Bundesgerichtshof, Dr. Falk Bernau, Richter am Bundesgerichtshof<\/p>\n<p>09.11.2022: <strong>\u201eDer Umgang mit Betriebspr\u00fcfern und Steuerfahndern \u2013 Verhaltensregeln f\u00fcr die Betriebspr\u00fcfung\u201c,<br \/>\n<\/strong>RA Dr. Christian Bertrand<\/p>\n<p>22.06.2022: <strong>\u201eKryptow\u00e4hrungen und Kryptowerte \u2013 rechtliche Grundlagen und Behandlung\u201c<\/strong><\/p>\n<p>24.05.2022: <strong>\u201eSubstanz und substanzlose Gesellschaften\u201c,<br \/>\n<\/strong>Dipl.-Kfm. Detlef Vocke<\/p>\n<p>26.02.2022: <strong>\u201eBetriebspr\u00fcfung im internationalen Kontext zwischen Kooperation und Rechtschutz\u201c,<br \/>\n<\/strong>Regierungsdirektor Martin Klaproth<\/p>\n<p>04.11.2021: <strong>\u201eDie Stiftung als Instrument der Nachfolgeplanung\u201c,<br \/>\n<\/strong>RA Dr. Klaus Olbing<\/p>\n<p>28.10.2021: <strong>\u201eEinbringung in Personengesellschaften\u201c,<br \/>\n<\/strong>RA, StB Dr. Marc Schacht<\/p>\n<p>22.09.2021: <strong>\u201e\u00a7 50d Abs. 3 EstG \u2013 Trial and Error, ein neuer Anlauf f\u00fcr eine europarechtskonforme Regelung\u201c,<br \/>\n<\/strong>Ministerialrat Dr. Christian Schleithoff<\/p>\n<p>20.05.2021: <strong>\u201eDistressed M&#038;A\u201c,<br \/>\n<\/strong>Lisa Alp, Christian Gerber, Dr. Maximilian v. Mangoldt<\/p>\n<p>30.03.2021: <strong>\u201eDie geplante \u00c4nderung von \u00a7 1 AStG \u2013 eine erste W\u00fcrdigung\u201c,<br \/>\n<\/strong>Prof. Dr. Bert Kaminski<\/p>\n<p>18.02.2021: <strong>\u201eUnternehmenskauf Teil 2: Kaufpreismechanismen, insb. cash and debt free\u201c,<br \/>\n<\/strong>Dirk Sachse<\/p>\n<p>09.02.2021: <strong>\u201eUnternehmenskauf Teil 1: Aufkl\u00e4rungspflicht, Wissenszurechnung und Arglist\u201c,<br \/>\n<\/strong>Dr. Henning Jaques<\/p>\n<p>28.01.2021: <strong>\u201eAktuelle Rechtsprechung und Fallstricke im Rahmen internationaler Umstrukturierungen\u201c,<br \/>\n<\/strong>StB IStR Malte J\u00fcllich, StB IStR Dr. Andreas Mammen<\/p>\n<p>26.02.2021: <strong>\u201e6. Vereinsrechtstag\u201c<\/strong>,<br \/>\nDr. Frederik Karsten, Dr. Friedrich Curtius, Prof. Dr. Lars Leuschner<\/p>\n<p>23.11.2020: <strong>\u201eSteuerrecht \u2013 13 typische Fallstricke bei der Beratung mittelst\u00e4ndischer Unternehmen\u201c<\/strong>,<br \/>\nRA Dr. Markus Wollweber<\/p>\n<p>18.11.2020: <strong>\u201eSteuerrecht: Umwandlung rund um die GmbH\u201c<\/strong>,<br \/>\nRA Dr. Klaus Olbing<\/p>\n<p>19.10.2020: <strong>\u201eCOVInsAG\u201c<\/strong>,<br \/>\nRichter Dr. Andreas Schmidt<\/p>\n<p>01.10.2020: <strong>\u201eSteuerrechts\u00e4nderungsgesetz 2020\u201c<\/strong>,<br \/>\nStefanie Dietrich, Steffen Kurpierz, Melanie Weist, Thomas Sch\u00e4ffler<\/p>\n<p>10.08.2020: <strong>\u201eDie Reichweite von Rechtswahlklauseln bei M&#038;A-Vertr\u00e4gen\u201c<\/strong>,<br \/>\nProf. Dr. Stephan R. G\u00f6thel, LL.M.<\/p>\n<p>02.07.2020: <strong>\u201eStiftungen in der Corona-Pandemie\u201c<\/strong>,<br \/>\nDr. Julia Runte, Dr. Oliver Stegmann<\/p>\n<p>24.06.2020: <strong>\u201eDas anwaltliche Gesellschaftsrecht unter Ber\u00fccksichtigung der BRAO-Reform\u201c<\/strong>,<br \/>\nRain Ina J\u00e4hne, RA Henning Schr\u00f6der<\/p>\n<p>15.06.2020: <strong>\u201eEinkommensbesteuerung, Problembereiche der Gewerbesteuer und Detailaspekte der Umsatzsteuer\u201c<\/strong>,<br \/>\nRA Dr. Klaus Olbing, RA Dr. Martin Wulf<\/p>\n<p>15.06.2020: <strong>\u201eZivil- und gesellschaftsrechtliche Fragen der Rechtsformwahlen und Grundz\u00fcge der Einkommensbesteuerung\u201c<\/strong>,<br \/>\nRA Andreas Menge<\/p>\n<p>21.01.2020: <strong>\u201eIncoterms 2020\u201c<\/strong>,<br \/>\nProf. Dr. Christoph Graf von Bernstorff<\/p>\n<p>03.12.2019: <strong>\u201eHandels- und Gesellschaftsrecht: Aktuelle F\u00e4lle, Diskussionsbeitr\u00e4ge und Entscheidungen 2019\u201c<\/strong>,<br \/>\nProf. Dr. Peter Ries<\/p>\n<p>13.11.2019: <strong>\u201eAktuelles zum Aktienrecht 2019\u201c<\/strong>,<br \/>\nRAin Dr. Frauke M\u00f6hrle, RA Dr. Sebastian Bednarz<\/p>\n<p>04.06.2019: <strong>\u201eAktuelle Rechtsprechung und Entwicklung im GmbH-Recht\u201c<\/strong>,<br \/>\nRA Dr. Malte Passarge<\/p>\n<p>21.05.2019: <strong>\u201eReform der Hinzurechnungsbesteuerung &#8211; Modernisierung eines 50 Jahre alten Besteuerungskonzeptes\u201c<\/strong>,<br \/>\nDr. Wendelin Staats, LL.M. (San Diego), Bundesministerium der Finanzen<\/p>\n<p>11.04.2019: <strong>\u201eJoint Audit &#8211; die Zukunft der Betriebspr\u00fcfung? (Grundlagen und Erfahrungsberichte aus Sicht des Bundeszentralamtes f\u00fcr Steuern und Unternehmenssicht)\u201c<\/strong>,<br \/>\nAlexander Leipold (MLC-Project-Manager, Bundeszentralamt f\u00fcr Steuern) und Daniela Steierberg<\/p>\n<p>19.03.2019: <strong>\u201eStreitigkeiten beim Unternehmenskauf\u201c<\/strong>,<br \/>\nRA Dr. Andreas H. Meyer, LL.M. (I.U.)<\/p>\n<p>26.02.2019: <strong>\u201eInternationale Wirtschaftsvertr\u00e4ge nach UNIDROIT\u201c<\/strong>,<br \/>\nRA Prof. Dr. Eckart Br\u00f6dermann, LL.M.<\/p>\n<p>12.02.2019: <strong>\u201eAktuelles zur Musterfeststellungsklage\u201c<\/strong>,<br \/>\nRA Dr. Hans-Patrick Schroeder<\/p>\n<p>11.02.2019: <strong>\u201eDer harte Brexit steht bevor &#8211; was nun? (Ertragsteuern, Umsatzsteuer, Erbschaftsteuer)\u201c<\/strong>,<br \/>\nRAin, StBin Dr. Marion Frotscher, M.I.Tax, RA Prof. Dr. Gerrit Frotscher<\/p>\n<p>22.01.2019: <strong>\u201eAktuelles Privat-Insolvenzrecht 2019\u201c<\/strong>,<br \/>\nInsolvenzrichter am AG Hamburg Dr. Andreas Olaf Schmidt<\/p>\n<p>27.11.2018: <strong>\u201eAktuelle steuerliche Entwicklungen bei Immobilieninvestitionen\u201c<\/strong>,<br \/>\nRA, StB Dr. Justus Westerburg<\/p>\n<p>16.11.2018: <strong>\u201eSteuerg\u00fcnstige Gestaltung mittelst\u00e4ndischer Unternehmen\u201c<\/strong>,<br \/>\nRA Prof. Dr. Ralph Landsittel<\/p>\n<p>25.09.2018: <strong>\u201e50 Jahre Umsatzsteuer &#8211; gel\u00f6ste und ungel\u00f6ste Probleme\u201c<\/strong>,<br \/>\nVors. Richter am Nieders\u00e4chsischen Finanzgericht Dr. J\u00f6rg Grune<\/p>\n<p>18.09.2018: <strong>\u201eUnternehmenssteuern 2018\u201c<\/strong>,<br \/>\nRA, StB Dr. Philipp Lukas, LL.M.<\/p>\n<p>31.05.2018: <strong>\u201eGrenz\u00fcberschreitende Verlustnutzung unter Ber\u00fccksichtigung von Sanierungsf\u00e4llen\u201c<\/strong>,<br \/>\nRA, StB, WP Dr. Frank Roser<\/p>\n<p>29.05.2018: <strong>\u201eGemeinn\u00fctzigkeit und Update Stiftungen\u201c<\/strong>,<br \/>\nRA Thorsten M\u00fcller, LL.M. Taxation<\/p>\n<p>27.03.2018: <strong>\u201eAktuelles zur Umsatzsteuer 2018\u201c<\/strong>,<br \/>\nStB Carsten Nesemann<\/p>\n<p>19.03.2018: <strong>\u201eDie Zukunft der Immobilienbesteuerung unter Ber\u00fccksichtigung nationaler und internationaler Reformbestrebungen\u201c<\/strong>,<br \/>\nChristian Bednarczyk, StB Dr. Andreas Mammen<\/p>\n<p>28.02.2018: <strong>\u201eDas neue Konzerninsolvenzrecht\u201c<\/strong>,<br \/>\nRA Prof. Dr. Volker R\u00f6mermann, CSP<\/p>\n<p>24.01.2018: <strong>\u201eDas multilaterale Instrument &#8211; DBA-Revision 2.0\u201c<\/strong>,<br \/>\nMichael Kiesewetter, Bundesministerium der Finanzen, Referat f\u00fcr Grundsatzfragen der DBA<\/p>\n<p>24.01.2018: <strong>\u201eDas neue Geldw\u00e4schegesetz\u201c<\/strong>,<br \/>\nRA Wolfgang Paul<\/p>\n<p>23.01.2018: <strong>\u201eSteuerstrategien f\u00fcr Familienunternehmen\u201c<\/strong>,<br \/>\nRA, StB Prof. Dr. G\u00f6tz T. Wiese, RA, StB Dr. Philipp Lukas, LL.M.<\/p>\n<p>10.11.2017: <strong>\u201e7. Hanseatischer GmbH-Beratertag\u201c<\/strong>,<br \/>\nVeranstalter: Hamburgischer Anwaltverein e.V. in Kooperation mit der Deutschen Anwalt Akademie<\/p>\n<p>02.11.2017: <strong>\u201eImmobilien in der Nachfolge steueroptimiert \u00fcbertragen\u201c<\/strong>,<br \/>\nRAin Dr. Nadja Sievers, StBin Karin H\u00e4\u00dfler<\/p>\n<p>04.07.2017: <strong>\u201eDas neue InvStG 2018 &#8211; \u00dcberlegungen vor Inkrafttreten der Investmentsteuerreform mit besonderem Fokus auf Immobilien-Investments\u201c<\/strong>,<br \/>\nRA, StB Dr. Alexander Schwahn, LL.M., RA, StB Andy Laatsch<\/p>\n<p>04.07.2017: <strong>\u201eSteuergestaltung f\u00fcr die internationale Unternehmerfamilie\u201c<\/strong>,<br \/>\nDr. Arne von Freeden, LL.M. (NYU)<\/p>\n<p>12.06.2017: <strong>\u201eDie Regelungen zur Wegzugsbesteuerung in den deutschen DBA &#8211; Gemeinsamkeiten, Unterschiede und die Systemfrage\u201c<\/strong>,<br \/>\nRA, StB Dr. Johannes Ba\u00dfler<\/p>\n<p>10.05.2017: <strong>\u201eAktuelle Rechtsprechung zum Arbeitsrecht 2017\u201c<\/strong>,<br \/>\nProf. Dr. Stefan Lunk<\/p>\n<p>22.03.2017: <strong>\u201eSanierungsrecht f\u00fcr Steuerberater\u201c<\/strong>,<br \/>\nProf. Dr. Volker R\u00f6mermann, CSP<\/p>\n<p>21.03.2017: <strong>\u201e\u00c4nderung des \u00a7 7 GewStG &#8211; Aufgabe des Territorialit\u00e4tsprinzips?\u201c<\/strong>,<br \/>\nDr. Philipp Lukas LL.M.<\/p>\n<p>07.03.2017: <strong>\u201eSeehandelsrecht &#8211; Wegfall der Haftungsbefreiungen und -begrenzungen\u201c<\/strong>,<br \/>\nDr. Kai Holger Drews<\/p>\n<p>16.02.2017: <strong>\u201eNeues zu Bankenentgelten und der Vorf\u00e4lligkeitsentsch\u00e4digung\u201c<\/strong>,<br \/>\nProf. Dr. Kai-Oliver Knops<\/p>\n<p>09.02.2017: <strong>\u201eUnternehmenskauf im Mittelstand\u201c<\/strong>,<br \/>\nRA Dr. Henning Jaques<\/p>\n<p>25.01.2017: <strong>\u201e\u00a7 133 Abs. 1 InsO und \u00a7 64 S. 1 GmbHG\u201c<\/strong>,<br \/>\nRiAG Dr. Andreas Olaf Schmidt<\/p>\n<p>18.01.2017: <strong>\u201eDas neue Erbschaftssteuerrecht\u201c<\/strong>,<br \/>\nRA, StB Dr. Johannes Ba\u00dfler<\/p>\n<p>29.11.2016 &#8211; 30.11.2016: <strong>\u201eAktuelles rund um die Besteuerung der GmbH\u201c<\/strong>,<br \/>\nRA Dr. Martin Wulf, RA Dr. Klaus Olbing<\/p>\n<p>18.11.2016: <strong>\u201eDie Reform der Erbschaftsteuer\u201c<\/strong>,<br \/>\nRA, FA f\u00fcr ErbR, FA f\u00fcr StR, Prof. Dr. Ralph Landsittel<\/p>\n<p>17.11.2016: <strong>\u201eAGB-Recht \u2013 Einbeziehung und Klauselverbote im b2b-Bereich\u201c<\/strong>,<br \/>\nRA Dr. J\u00f6rn Becker<\/p>\n<p>09.11.2016: <strong>\u201eGemeinn\u00fctzigkeitsrecht und Vereine\u201c<\/strong>,<br \/>\nRA, FA f\u00fcr StR Stefan Winheller, LL.M. Tax (USA)<\/p>\n<p>13.09.2016:<strong> \u201eUnternehmenskauf in Krise und Insolvenz\u201c<\/strong>,<br \/>\nRA, WP, StB Andreas Ziegenhagen; RA, FA f\u00fcr InsR Stefan Denkhaus<\/p>\n<p>11.06.2016: <strong>\u201eAnfechtungsgr\u00fcnde und Beschlussm\u00e4ngelstreitigkeiten in der GmbH\u201c<\/strong>,<br \/>\nRiOLG Dr. Hartmut Rensen<\/p>\n<p>11.05.2016: <strong>\u201eAktuelles zum Arzthaftungsrecht\u201c<\/strong>,<br \/>\nRAin Inez J\u00fcrgens, M.A.<\/p>\n<p>31.03.2016: <strong>\u201eAktuelles zum Erbrecht 2016\u201c<\/strong>,<br \/>\nRA Prof. Dr. Wolfgang Burandt, LL.M., M.A., MBA (Wales)<\/p>\n<p>25.02.2016:<strong> \u201eDer einstweilige Rechtschutz im Arbeitsgerichtsverfahren\u201c<\/strong>,<br \/>\nRiArbG Michael H. Korinth<\/p>\n<p>26.01.2016: <strong>\u201eIncoterms\u201c<\/strong>,<br \/>\nRA Prof. Dr. Burghard Piltz<\/p>\n<p>11.12.2015: <strong>\u201eDer Familienbetrieb im Erbrecht\u201c<\/strong>,<br \/>\nRA Prof. Dr. Rainer Lorz, LL.M.<\/p>\n<p>12.11.2015:<strong> \u201eStrategien im Steuerverfahren\u201c<\/strong>,<br \/>\nRAin, FAin f\u00fcr StR Alexandra Mack<\/p>\n<p>06.11.2015: <strong>\u201eDie Insolvenz der Gegenseite\u201c<\/strong>,<br \/>\nRA Dr. Christoph Poertzgen<\/p>\n<p>08.09.2015: <strong>\u201eNeukonzeption des Rangr\u00fccktritts und Steuerfolgen\u201c<\/strong>,<br \/>\nRA, StB Dr. G\u00fcnter Kahlert<\/p>\n<p>21.05.2015:<strong> \u201eDie Besteuerung des Gesellschafterstreits \u2013 Fallstricke, Chancen,Gestaltungsm\u00f6glichkeiten\u201c<\/strong>,<br \/>\nRA, FA f\u00fcr StR Dr. Markus Wollweber<\/p>\n<p>08.05.2015: <strong>\u201eDer Gesellschaftsvertrag im Zivil- und Steuerrecht\u201c<\/strong>,<br \/>\nRA, FA f\u00fcr StR Dr. Klaus Bauer<\/p>\n<p>18.04.2015: <strong>\u201eAktuelle Rechtsprechungs\u00fcbersicht im Gesellschaftsrecht\u201c<\/strong>,<br \/>\nRiBGH Prof. Dr. Lutz Strohn<\/p>\n<p>15.03.2014:<strong> \u201eAusgew\u00e4hlte Praxisfragen zur Gr\u00fcndung, Kapitalaufbringung, Kapital\u00e4nderung und zum Gesellschafterwechsel bei der GmbH und den Personengesellschaften in der Praxis\u201c<\/strong>,<br \/>\nRA, Notar, FA f\u00fcr H&#038;GesR, FA f\u00fcr StR, FA f\u00fcr ArbR Wolfgang Arens<\/p>\n<p>31.01.2014: <strong>\u201eSteuerrechtliche Aspekte anwaltlicher T\u00e4tigkeit im Handels- und Gesellschaftsrecht\u201c<\/strong>,<br \/>\nRA, Notar, FA f\u00fcr StR, FA f\u00fcr H&#038;GesR Dr. Martin Schick[\/vc_column_text][vc_empty_space]<h3 class=\"sc_title sc_title_regular margin_top_null\" style=\"margin-bottom: 1px;\">Vortr\u00e4ge \/ Lehre<\/h3>[vc_column_text]<\/p>\n<p>Seit 01.03.2026: Lehrbeauftragter an der CBS University of Applied Sciences (Cologne Business School)<\/p>\n<p>10.11.2016: Vortrag zum Thema: <strong>\u201eHaftungsfallen f\u00fcr den GmbH-Gesch\u00e4ftsf\u00fchrer \u2013 Innen- und Au\u00dfenhaftung\u201c<\/strong> bei der Veranstaltungsreihe \u201eBEGEGNUNGEN AM JUNGFERNSTIEG\u201c in Hamburg<br \/>\n[\/vc_column_text][vc_empty_space]<h3 class=\"sc_title sc_title_regular margin_top_null\" style=\"margin-bottom: 1px;\">Mitgliedschaften<\/h3><\/div><\/div><\/div><\/div><div class=\"sc_toggles toggles \"><div class=\"sc_toggles_item odd first\"><h5 class=\"sc_toggles_title\"><span class=\"sc_toggles_icon sc_toggles_icon_closed icon-plus\"><\/span><span class=\"sc_toggles_icon sc_toggles_icon_opened icon-minus\"><\/span>Arbeitsgemeinschaft Steuerrecht im Deutschen Anwaltverein e.V.<\/h5><div class=\"sc_toggles_content\">[vc_column_text]<img loading=\"lazy\" class=\"size-medium wp-image-1828 alignleft\" src=\"http:\/\/balin-legal.de\/wp-content\/uploads\/2015\/12\/logo-1-300x80.png\" alt=\"logo\" width=\"300\" height=\"80\" srcset=\"https:\/\/balin-legal.de\/wp-content\/uploads\/2015\/12\/logo-1-300x80.png 300w, https:\/\/balin-legal.de\/wp-content\/uploads\/2015\/12\/logo-1.png 313w\" sizes=\"(max-width: 300px) 100vw, 300px\" \/><\/p>\n<p style=\"text-align: left;\"><span class=\"st\">Die Arbeitsgemeinschaft Steuerrecht im Deutschen Anwaltverein (DAV) ist ein rechtlich unselbst\u00e4ndiger Zusammenschluss von Rechtsanw\u00e4lten, die Mitglied in einem dem DAV angeschlossenen Anwaltverein sind und deren berufliches Interesse sich besonders auf das Steuerrecht richtet.<\/span><\/p>\n<p>[\/vc_column_text]<\/div><\/div><div class=\"sc_toggles_item even\"><h5 class=\"sc_toggles_title\"><span class=\"sc_toggles_icon sc_toggles_icon_closed icon-plus\"><\/span><span class=\"sc_toggles_icon sc_toggles_icon_opened icon-minus\"><\/span>Arbeitsgemeinschaft Handels- und Gesellschaftsrecht im Deutschen Anwaltverein e.V.<\/h5><div class=\"sc_toggles_content\">[vc_column_text]<img loading=\"lazy\" class=\"size-medium wp-image-1828 alignleft\" src=\"http:\/\/balin-legal.de\/wp-content\/uploads\/2015\/12\/logo_arge_handels_und_gesellschaftsrecht.svg\" alt=\"logo\" width=\"300\" height=\"80\" \/><\/p>\n<p style=\"text-align: left;\"><span class=\"st\">Die Arbeitsgemeinschaft Handels- und Gesellschaftsrecht im Deutschen Anwaltverein (DAV) ist ein rechtlich unselbst\u00e4ndiger Zusammenschluss von Rechtsanw\u00e4lten, die Mitglied in einem dem DAV angeschlossenen Anwaltverein sind und deren berufliches Interesse sich besonders auf das Handels- und Gesellschaftsrecht richtet.<\/span><\/p>\n<p>[\/vc_column_text]<\/div><\/div><div class=\"sc_toggles_item odd\"><h5 class=\"sc_toggles_title\"><span class=\"sc_toggles_icon sc_toggles_icon_closed icon-plus\"><\/span><span class=\"sc_toggles_icon sc_toggles_icon_opened icon-minus\"><\/span>Deutscher Anwaltverein e.V.<\/h5><div class=\"sc_toggles_content\">[vc_column_text]<img loading=\"lazy\" class=\"size-medium wp-image-1826 alignleft\" src=\"http:\/\/balin-legal.de\/wp-content\/uploads\/2015\/12\/dRAVerein-300x131.jpg\" alt=\"dRAVerein\" width=\"300\" height=\"131\" srcset=\"https:\/\/balin-legal.de\/wp-content\/uploads\/2015\/12\/dRAVerein-300x131.jpg 300w, https:\/\/balin-legal.de\/wp-content\/uploads\/2015\/12\/dRAVerein.jpg 339w\" sizes=\"(max-width: 300px) 100vw, 300px\" \/>Dem Deutschen Anwaltverein, gegr\u00fcndet 1871, geh\u00f6ren aktuell insgesamt 257 Anwaltvereine an: davon 243 in Deutschland und je einer in Gro\u00dfbritannien, Italien, Griechenland, Portugal, Brasilien, Luxemburg, Spanien, Belgien, der T\u00fcrkei, Polen, der Ukraine, den Niederlanden sowie zwei Anwaltvereine in Frankreich. \u00dcber die \u00f6rtlichen Anwaltvereine sind rund 66.000 Rechtsanw\u00e4ltinnen und Rechtsanw\u00e4lte dem DAV angeschlossen.[\/vc_column_text]<\/div><\/div><div class=\"sc_toggles_item even\"><h5 class=\"sc_toggles_title\"><span class=\"sc_toggles_icon sc_toggles_icon_closed icon-plus\"><\/span><span class=\"sc_toggles_icon sc_toggles_icon_opened icon-minus\"><\/span>Hamburgischer Anwaltverein e.V.<\/h5><div class=\"sc_toggles_content\">[vc_column_text]<em><img loading=\"lazy\" class=\" wp-image-1821 alignleft\" src=\"http:\/\/balin-legal.de\/wp-content\/uploads\/2015\/12\/logo-1.jpg\" alt=\"logo\" width=\"207\" height=\"62\" \/><\/em>Der Hamburgische Anwaltverein, gegr\u00fcndet 1904, z\u00e4hlt mehr als 3.000 Mitglieder und geh\u00f6rt damit zu den sechs gr\u00f6\u00dften \u00f6rtlichen Vereinen, die im Deutschen Anwaltverein organisiert sind. Im Januar 1946 wurde der Hamburgische Anwaltverein neugegr\u00fcndet. Aufgabe des Hamburgischen Anwaltvereins ist die F\u00f6rderung der beruflichen und wirtschaftlichen Interessen der Anwaltschaft in der Freien und Hansestadt Hamburg.<\/p>\n<p>[\/vc_column_text]<\/div><\/div><div class=\"sc_toggles_item odd\"><h5 class=\"sc_toggles_title\"><span class=\"sc_toggles_icon sc_toggles_icon_closed icon-plus\"><\/span><span class=\"sc_toggles_icon sc_toggles_icon_opened icon-minus\"><\/span>Hanseatische Rechtsanwaltskammer Hamburg K.d.\u00f6.R.<\/h5><div class=\"sc_toggles_content\">[vc_column_text]<img loading=\"lazy\" class=\"alignnone wp-image-1823\" src=\"http:\/\/balin-legal.de\/wp-content\/uploads\/2015\/12\/Zwischenablage01-300x25.jpg\" alt=\"Zwischenablage01\" width=\"420\" height=\"35\" srcset=\"https:\/\/balin-legal.de\/wp-content\/uploads\/2015\/12\/Zwischenablage01-300x25.jpg 300w, https:\/\/balin-legal.de\/wp-content\/uploads\/2015\/12\/Zwischenablage01.jpg 566w\" sizes=\"(max-width: 420px) 100vw, 420px\" \/><br \/>\nDie Hanseatische Rechtsanwaltskammer ist eine Selbstverwaltungsk\u00f6rperschaft der \u00fcber 10.000 Rechtsanw\u00e4ltinnen und Rechtsanw\u00e4lte in der Freien und Hansestadt Hamburg. Die Zulassung zur Anwaltschaft f\u00fchrt zur Pflichtmitgliedschaft bei der zust\u00e4ndigen Rechtsanwaltskammer. [\/vc_column_text]<\/div><\/div><\/div><h3 class=\"sc_title sc_title_regular margin_top_null\" style=\"margin-bottom: 1px;\">Sprachkenntnisse<\/h3>[vc_column_text]<\/p>\n<ul>\n<li>Deutsch<\/li>\n<li>Englisch<\/li>\n<li>Franz\u00f6sisch<\/li>\n<li>Russisch<\/li>\n<li>Ukrainisch<\/li>\n<\/ul>\n<p>[\/vc_column_text][\/vc_column][\/vc_row]<\/p>\n","protected":false},"excerpt":{"rendered":"<p>[vc_row full_width=&#8221;stretch_row&#8221; el_class=&#8221;width: 100px&#8221;][vc_column width=&#8221;1\/2&#8243; css=&#8221;.vc_custom_1476090960607{margin-right: -100px !important;}&#8221;][vc_column_text] Steuerrecht Gesellschaftsrecht Handelsrecht Allgemeines Wirtschaftsrecht Recht der freien Berufe Allgemeines Zivilrecht [\/vc_column_text][\/vc_column][vc_column width=&#8221;1\/2&#8243;][vc_single_image image=&#8221;2007&#8243; img_size=&#8221;full&#8221;][\/vc_column][\/vc_row][vc_row][vc_column el_class=&#8221;elementMitToggles&#8221;][vc_column_text] Deutsch Englisch Franz\u00f6sisch Russisch Ukrainisch [\/vc_column_text][\/vc_column][\/vc_row]<\/p>\n","protected":false},"author":1,"featured_media":0,"parent":0,"menu_order":0,"comment_status":"closed","ping_status":"open","template":"","meta":[],"translation":{"provider":"WPGlobus","version":"2.5.16","language":"fr","enabled_languages":["de","en","fr","ru"],"languages":{"de":{"title":true,"content":true,"excerpt":false},"en":{"title":false,"content":false,"excerpt":false},"fr":{"title":false,"content":false,"excerpt":false},"ru":{"title":false,"content":false,"excerpt":false}}},"_links":{"self":[{"href":"https:\/\/balin-legal.de\/fr\/wp-json\/wp\/v2\/pages\/2"}],"collection":[{"href":"https:\/\/balin-legal.de\/fr\/wp-json\/wp\/v2\/pages"}],"about":[{"href":"https:\/\/balin-legal.de\/fr\/wp-json\/wp\/v2\/types\/page"}],"author":[{"embeddable":true,"href":"https:\/\/balin-legal.de\/fr\/wp-json\/wp\/v2\/users\/1"}],"replies":[{"embeddable":true,"href":"https:\/\/balin-legal.de\/fr\/wp-json\/wp\/v2\/comments?post=2"}],"version-history":[{"count":59,"href":"https:\/\/balin-legal.de\/fr\/wp-json\/wp\/v2\/pages\/2\/revisions"}],"predecessor-version":[{"id":3094,"href":"https:\/\/balin-legal.de\/fr\/wp-json\/wp\/v2\/pages\/2\/revisions\/3094"}],"wp:attachment":[{"href":"https:\/\/balin-legal.de\/fr\/wp-json\/wp\/v2\/media?parent=2"}],"curies":[{"name":"wp","href":"https:\/\/api.w.org\/{rel}","templated":true}]}}