{"id":1942,"date":"2016-09-28T11:32:30","date_gmt":"2016-09-28T09:32:30","guid":{"rendered":"http:\/\/webschoepfer.com\/vorschauseiten\/rechtsanwalt_balin\/?page_id=1942"},"modified":"2017-02-12T19:34:09","modified_gmt":"2017-02-12T18:34:09","slug":"recht-der-freien-berufe","status":"publish","type":"page","link":"http:\/\/balin-legal.de\/fr\/kompetenzen\/recht-der-freien-berufe\/","title":{"rendered":"Recht der freien Berufe"},"content":{"rendered":"<div class=\"topbild leistungsbereich\" style=\"background-image: url('http:\/\/balin-legal.de\/wp-content\/uploads\/2017\/01\/iStock-148136977-Recht-der-freien-Berufe-und-Blogeintrag-1-Das-Wesen-des-FREIEN-Berufs.jpg');\"><\/div>\n<p>[vc_row][vc_column width=&#8221;2\/3&#8243; css=&#8221;.vc_custom_1475056244973&#8243;]<div class=\"sc_section margin_top_null\" data-animation=\"animated fadeInRight normal\"><div class=\"sc_section_inner\"><div class=\"sc_section\"><div class=\"sc_section_inner\">[vc_empty_space height=&#8221;0px&#8221;]<\/p>\n<h6 class=\"sc_title sc_title_underline margin_top_null standardtitel\" style=\"padding-top: 0px; font-size: 20px;\">Im Bereich <strong>Recht der freien Berufe <\/strong>bieten wir Ihnen folgende Dienstleistungen an:<\/h6>\n<p>[vc_column_text]<\/p>\n<div style=\"text-align: justify;\">\n<p>\u00c4rzte, Zahn\u00e4rzte, Tier\u00e4rzte, Rechtsanw\u00e4lte, Notare, Patentanw\u00e4lte, Vermessungsingenieure, Ingenieure, Architekten, Handelschemiker, Wirtschaftspr\u00fcfer, Steuerberater, beratende Volks- und Betriebswirte, vereidigte Buchpr\u00fcfer, Steuerbevollm\u00e4chtigte, Heilpraktiker, Krankengymnasten, Journalisten, Bildberichterstatter, Dolmetscher, \u00dcbersetzer, Lotsen und Aus\u00fcbende \u00e4hnlicher Berufe sind Angeh\u00f6rige eines freien Berufs. Sie genie\u00dfen besondere Rechte und haben zugleich Pflichten einzuhalten. Vorschiften \u00fcber Haftung, Zulassung und Berufsaus\u00fcbung sind dabei zu beachten. Hierbei steht Ihnen die Anwaltskanzlei BALIN LEGAL durch die Beratung und Gestaltung von Herrn Rechtsanwalt Eugen Balin, LL.M. zur Seite.<\/p>\n<\/div>\n<ul>\n<li>Beratung und Vertragsgestaltung f\u00fcr Freiberufler<\/li>\n<li>Honorarfragen<\/li>\n<li>Firmenrecht<\/li>\n<li>Werberecht<\/li>\n<li>M\u00f6glichkeiten und Formen der beruflichen und interprofessionellen Zusammenarbeit<\/li>\n<li>Gesellschaftsrechtliche Gestaltung<\/li>\n<li>Berufspflichtverletzungen<\/li>\n<li>Unternehmensnachfolge<\/li>\n<\/ul>\n<p>[\/vc_column_text][vc_empty_space][vc_empty_space][vc_empty_space]<\/div><\/div><\/div><\/div>[vc_empty_space][\/vc_column][vc_column width=&#8221;1\/3&#8243;]<\/p>\n<div>\n<ul>\n<li><a href=\"http:\/\/balin-legal.de\/kompetenzen\/gesellschaftsrecht\/\">Gesellschaftsrecht<\/a><\/li>\n<li><a href=\"http:\/\/balin-legal.de\/kompetenzen\/steuerrecht\/\">Steuerrecht<\/a><\/li>\n<li><a href=\"http:\/\/balin-legal.de\/kompetenzen\/handelsrecht\/\">Handelsrecht<\/a><\/li>\n<li><a href=\"http:\/\/balin-legal.de\/kompetenzen\/allgemeines-wirtschaftsrecht\/\">Allgemeines Wirtschaftsrecht<\/a><\/li>\n<li><a href=\"http:\/\/balin-legal.de\/kompetenzen\/allgemeines-zivilrecht\">Allgemeines Zivilrecht<\/a><\/li>\n<\/ul>\n<\/div>\n<p>[\/vc_column][\/vc_row]<\/p>\n","protected":false},"excerpt":{"rendered":"<p>[vc_row][vc_column width=&#8221;2\/3&#8243; css=&#8221;.vc_custom_1475056244973&#8243;][vc_empty_space][\/vc_column][vc_column width=&#8221;1\/3&#8243;] Gesellschaftsrecht Steuerrecht Handelsrecht Allgemeines Wirtschaftsrecht Allgemeines Zivilrecht [\/vc_column][\/vc_row]<\/p>\n","protected":false},"author":1,"featured_media":0,"parent":1846,"menu_order":0,"comment_status":"closed","ping_status":"closed","template":"","meta":[],"translation":{"provider":"WPGlobus","version":"2.5.16","language":"fr","enabled_languages":["de","en","fr","ru"],"languages":{"de":{"title":true,"content":true,"excerpt":false},"en":{"title":false,"content":false,"excerpt":false},"fr":{"title":false,"content":false,"excerpt":false},"ru":{"title":false,"content":false,"excerpt":false}}},"_links":{"self":[{"href":"http:\/\/balin-legal.de\/fr\/wp-json\/wp\/v2\/pages\/1942"}],"collection":[{"href":"http:\/\/balin-legal.de\/fr\/wp-json\/wp\/v2\/pages"}],"about":[{"href":"http:\/\/balin-legal.de\/fr\/wp-json\/wp\/v2\/types\/page"}],"author":[{"embeddable":true,"href":"http:\/\/balin-legal.de\/fr\/wp-json\/wp\/v2\/users\/1"}],"replies":[{"embeddable":true,"href":"http:\/\/balin-legal.de\/fr\/wp-json\/wp\/v2\/comments?post=1942"}],"version-history":[{"count":13,"href":"http:\/\/balin-legal.de\/fr\/wp-json\/wp\/v2\/pages\/1942\/revisions"}],"predecessor-version":[{"id":2915,"href":"http:\/\/balin-legal.de\/fr\/wp-json\/wp\/v2\/pages\/1942\/revisions\/2915"}],"up":[{"embeddable":true,"href":"http:\/\/balin-legal.de\/fr\/wp-json\/wp\/v2\/pages\/1846"}],"wp:attachment":[{"href":"http:\/\/balin-legal.de\/fr\/wp-json\/wp\/v2\/media?parent=1942"}],"curies":[{"name":"wp","href":"https:\/\/api.w.org\/{rel}","templated":true}]}}