{"id":1937,"date":"2016-09-28T11:09:16","date_gmt":"2016-09-28T09:09:16","guid":{"rendered":"http:\/\/webschoepfer.com\/vorschauseiten\/rechtsanwalt_balin\/?page_id=1937"},"modified":"2017-02-12T19:25:40","modified_gmt":"2017-02-12T18:25:40","slug":"gesellschaftsrecht","status":"publish","type":"page","link":"http:\/\/balin-legal.de\/fr\/kompetenzen\/gesellschaftsrecht\/","title":{"rendered":"Gesellschaftsrecht"},"content":{"rendered":"<div class=\"topbild leistungsbereich\" style=\"background-image: url('http:\/\/balin-legal.de\/wp-content\/uploads\/2017\/02\/iStock-484587860_gesellschaftsrecht.jpg');\"><\/div>\n<p>[vc_row][vc_column width=&#8221;2\/3&#8243; css=&#8221;.vc_custom_1475056244973&#8243;]<div class=\"sc_section margin_top_null\" data-animation=\"animated fadeInRight normal\"><div class=\"sc_section_inner\"><div class=\"sc_section\"><div class=\"sc_section_inner\">[vc_empty_space height=&#8221;0px&#8221;]<\/p>\n<h6 class=\"sc_title sc_title_underline margin_top_null standardtitel\" style=\"padding-top: 0px; font-size: 20px;\">Im Bereich <strong>Gesellschaftsrecht<\/strong> bieten wir Ihnen folgende Dienstleistungen an:<\/h6>\n<p>[vc_column_text]<\/p>\n<div style=\"text-align: justify;\">Anwaltskanzlei BALIN LEGAL \u00fcbernimmt durch Herrn Rechtsanwalt Eugen Balin, LL.M. die Beratung von Gesellschaftern, Gesch\u00e4ftsf\u00fchrern, Vorst\u00e4nden und Einzelunternehmern, Beir\u00e4ten und Aufsichtsr\u00e4ten bei allen Fragen des Gesellschaftsrechts. Ob bei der gesellschaftsrechtlichen Gestaltung im Personen- und\/oder Kapitalgesellschaftsrecht im Rahmen einer Unternehmensgr\u00fcndung oder -umwandlung wie auch bei Gesellschafterstreitigkeiten, aber auch bei allen Haftungsfragen stehen wir unseren Mandanten zuverl\u00e4ssig zur Seite.<\/div>\n<p>Unsere Beratungsfelder:<\/p>\n<ul>\n<li>Unternehmensgr\u00fcndung \/ Start-up<\/li>\n<li>Beratung zur Rechtsformwahl<\/li>\n<li>Gestaltung von Unternehmensvertr\u00e4gen<\/li>\n<li>Umwandlung<\/li>\n<li>Beratung von Unternehmensleitern (Gesch\u00e4ftsf\u00fchrer und Vorst\u00e4nde)<\/li>\n<li>Haftungsfragen<\/li>\n<li>Gesellschafterstreit<\/li>\n<li>Beratung zu allen Fragen aus dem Vereinsrecht<\/li>\n<\/ul>\n<p>[\/vc_column_text][vc_empty_space][vc_empty_space][vc_empty_space]<\/div><\/div><\/div><\/div>[vc_empty_space][\/vc_column][vc_column width=&#8221;1\/3&#8243;]<\/p>\n<div>\n<ul>\n<li><a href=\"http:\/\/balin-legal.de\/kompetenzen\/steuerrecht\/\">Steuerrecht<\/a><\/li>\n<li><a href=\"http:\/\/balin-legal.de\/kompetenzen\/handelsrecht\/\">Handelsrecht<\/a><\/li>\n<li><a href=\"http:\/\/balin-legal.de\/kompetenzen\/allgemeines-wirtschaftsrecht\/\">Allgemeines Wirtschaftsrecht<\/a><\/li>\n<li><a href=\"http:\/\/balin-legal.de\/kompetenzen\/recht-der-freien-berufe\/\">Recht der freien Berufe<\/a><\/li>\n<li><a href=\"http:\/\/balin-legal.de\/kompetenzen\/allgemeines-zivilrecht\">Allgemeines Zivilrecht<\/a><\/li>\n<\/ul>\n<\/div>\n<p>[\/vc_column][\/vc_row]<\/p>\n","protected":false},"excerpt":{"rendered":"<p>[vc_row][vc_column width=&#8221;2\/3&#8243; css=&#8221;.vc_custom_1475056244973&#8243;][vc_empty_space][\/vc_column][vc_column width=&#8221;1\/3&#8243;] Steuerrecht Handelsrecht Allgemeines Wirtschaftsrecht Recht der freien Berufe Allgemeines Zivilrecht [\/vc_column][\/vc_row]<\/p>\n","protected":false},"author":1,"featured_media":0,"parent":1846,"menu_order":0,"comment_status":"closed","ping_status":"closed","template":"","meta":[],"translation":{"provider":"WPGlobus","version":"2.5.16","language":"fr","enabled_languages":["de","en","fr","ru"],"languages":{"de":{"title":true,"content":true,"excerpt":false},"en":{"title":false,"content":false,"excerpt":false},"fr":{"title":false,"content":false,"excerpt":false},"ru":{"title":false,"content":false,"excerpt":false}}},"_links":{"self":[{"href":"http:\/\/balin-legal.de\/fr\/wp-json\/wp\/v2\/pages\/1937"}],"collection":[{"href":"http:\/\/balin-legal.de\/fr\/wp-json\/wp\/v2\/pages"}],"about":[{"href":"http:\/\/balin-legal.de\/fr\/wp-json\/wp\/v2\/types\/page"}],"author":[{"embeddable":true,"href":"http:\/\/balin-legal.de\/fr\/wp-json\/wp\/v2\/users\/1"}],"replies":[{"embeddable":true,"href":"http:\/\/balin-legal.de\/fr\/wp-json\/wp\/v2\/comments?post=1937"}],"version-history":[{"count":23,"href":"http:\/\/balin-legal.de\/fr\/wp-json\/wp\/v2\/pages\/1937\/revisions"}],"predecessor-version":[{"id":2603,"href":"http:\/\/balin-legal.de\/fr\/wp-json\/wp\/v2\/pages\/1937\/revisions\/2603"}],"up":[{"embeddable":true,"href":"http:\/\/balin-legal.de\/fr\/wp-json\/wp\/v2\/pages\/1846"}],"wp:attachment":[{"href":"http:\/\/balin-legal.de\/fr\/wp-json\/wp\/v2\/media?parent=1937"}],"curies":[{"name":"wp","href":"https:\/\/api.w.org\/{rel}","templated":true}]}}