{"id":1945,"date":"2016-09-28T11:32:24","date_gmt":"2016-09-28T09:32:24","guid":{"rendered":"http:\/\/webschoepfer.com\/vorschauseiten\/rechtsanwalt_balin\/?page_id=1945"},"modified":"2017-02-12T19:37:20","modified_gmt":"2017-02-12T18:37:20","slug":"allgemeines-zivilrecht","status":"publish","type":"page","link":"http:\/\/balin-legal.de\/en\/kompetenzen\/allgemeines-zivilrecht\/","title":{"rendered":"Allgemeines Zivilrecht"},"content":{"rendered":"<div class=\"topbild leistungsbereich\" style=\"background-image: url('http:\/\/balin-legal.de\/wp-content\/uploads\/2017\/02\/iStock-453617915-Allgemeines-Zivilrecht.jpg'); background-position: 100% top;\"><\/div>\n<p>[vc_row][vc_column width=&#8221;2\/3&#8243; css=&#8221;.vc_custom_1475056244973&#8243;]<div class=\"sc_section margin_top_null\" data-animation=\"animated fadeInRight normal\"><div class=\"sc_section_inner\"><div class=\"sc_section\"><div class=\"sc_section_inner\">[vc_empty_space height=&#8221;0px&#8221;]<\/p>\n<h6 class=\"sc_title sc_title_underline margin_top_null standardtitel\" style=\"padding-top: 0px; font-size: 20px;\">Im Bereich <strong>Allgemeines Zivilrecht <\/strong>bieten wir Ihnen folgende Dienstleistungen an:<\/h6>\n<p>[vc_column_text]<\/p>\n<div style=\"text-align: justify;\">\n<p>Ob Unternehmer oder Privatier, das Handeln eines jeden Einzelnen wie von Mehreren hat meistens auch zivilrechtliche Folgen. Die Anwaltskanzlei BALIN LEGAL unterst\u00fctzt durch Herrn Rechtsanwalt Eugen Balin, LL.M. unsere Mandanten bei allen Fragen des Vertragsrechts, bei Leistungsst\u00f6rungen und bei der Pr\u00fcfung von Schadensersatzanspr\u00fcchen in laufender Beratung sowie au\u00dfergerichtlich. Ihre Anspr\u00fcche setzten wir, wenn n\u00f6tig, im Anschluss mit Hilfe der Gerichte im Erkenntnis- und Vollstreckungsverfahren durch.<\/p>\n<p>Unsere Beratungsfelder:<\/p>\n<\/div>\n<ul>\n<li>Kaufvertragsrecht<\/li>\n<li>Werkvertragsrecht<\/li>\n<li>Dienstvertragsrecht<\/li>\n<li>Schadensersatzrecht<\/li>\n<li>Sonstiges Vertragsrecht<\/li>\n<li>Beratung und au\u00dfergerichtliche sowie gerichtliche Vertretung in zivilrechtlichen Fragen<\/li>\n<\/ul>\n<p>[\/vc_column_text][vc_empty_space][vc_empty_space][vc_empty_space]<\/div><\/div><\/div><\/div>[vc_empty_space][\/vc_column][vc_column width=&#8221;1\/3&#8243;]<\/p>\n<div>\n<ul>\n<li><a href=\"http:\/\/balin-legal.de\/kompetenzen\/gesellschaftsrecht\/\">Gesellschaftsrecht<\/a><\/li>\n<li><a href=\"http:\/\/balin-legal.de\/kompetenzen\/steuerrecht\/\">Steuerrecht<\/a><\/li>\n<li><a href=\"http:\/\/balin-legal.de\/kompetenzen\/handelsrecht\/\">Handelsrecht<\/a><\/li>\n<li><a href=\"http:\/\/balin-legal.de\/kompetenzen\/allgemeines-wirtschaftsrecht\/\">Allgemeines Wirtschaftsrecht<\/a><\/li>\n<li><a href=\"http:\/\/balin-legal.de\/kompetenzen\/recht-der-freien-berufe\/\">Recht der freien Berufe<\/a><\/li>\n<\/ul>\n<\/div>\n<p>[\/vc_column][\/vc_row]<\/p>\n","protected":false},"excerpt":{"rendered":"<p>[vc_row][vc_column width=&#8221;2\/3&#8243; css=&#8221;.vc_custom_1475056244973&#8243;][vc_empty_space][\/vc_column][vc_column width=&#8221;1\/3&#8243;] Gesellschaftsrecht Steuerrecht Handelsrecht Allgemeines Wirtschaftsrecht Recht der freien Berufe [\/vc_column][\/vc_row]<\/p>\n","protected":false},"author":1,"featured_media":0,"parent":1846,"menu_order":0,"comment_status":"closed","ping_status":"closed","template":"","meta":[],"translation":{"provider":"WPGlobus","version":"2.5.16","language":"en","enabled_languages":["de","en","fr","ru"],"languages":{"de":{"title":true,"content":true,"excerpt":false},"en":{"title":false,"content":false,"excerpt":false},"fr":{"title":false,"content":false,"excerpt":false},"ru":{"title":false,"content":false,"excerpt":false}}},"_links":{"self":[{"href":"http:\/\/balin-legal.de\/en\/wp-json\/wp\/v2\/pages\/1945"}],"collection":[{"href":"http:\/\/balin-legal.de\/en\/wp-json\/wp\/v2\/pages"}],"about":[{"href":"http:\/\/balin-legal.de\/en\/wp-json\/wp\/v2\/types\/page"}],"author":[{"embeddable":true,"href":"http:\/\/balin-legal.de\/en\/wp-json\/wp\/v2\/users\/1"}],"replies":[{"embeddable":true,"href":"http:\/\/balin-legal.de\/en\/wp-json\/wp\/v2\/comments?post=1945"}],"version-history":[{"count":15,"href":"http:\/\/balin-legal.de\/en\/wp-json\/wp\/v2\/pages\/1945\/revisions"}],"predecessor-version":[{"id":2615,"href":"http:\/\/balin-legal.de\/en\/wp-json\/wp\/v2\/pages\/1945\/revisions\/2615"}],"up":[{"embeddable":true,"href":"http:\/\/balin-legal.de\/en\/wp-json\/wp\/v2\/pages\/1846"}],"wp:attachment":[{"href":"http:\/\/balin-legal.de\/en\/wp-json\/wp\/v2\/media?parent=1945"}],"curies":[{"name":"wp","href":"https:\/\/api.w.org\/{rel}","templated":true}]}}