{"id":1717,"date":"2016-08-18T09:41:05","date_gmt":"2016-08-18T07:41:05","guid":{"rendered":"http:\/\/webschoepfer.com\/vorschauseiten\/rechtsanwalt_balin\/?page_id=1717"},"modified":"2020-08-13T12:21:59","modified_gmt":"2020-08-13T10:21:59","slug":"impressum","status":"publish","type":"page","link":"http:\/\/balin-legal.de\/en\/impressum\/","title":{"rendered":"Impressum"},"content":{"rendered":"<h6 class=\"sc_title sc_title_underline margin_top_null\" style=\"padding-bottom: 20px; font-size: 32px; text-transform: uppercase;\"><b>Impressum<\/b><\/h6>\n<p>[vc_row][vc_column][vc_column_text]Dies ist eine Internetseite der Anwaltskanzlei BALIN LEGAL, vertreten durch Herrn Rechtsanwalt Eugen Balin, LL.M.<\/p>\n<p>Hinweis zur Online-Streitbeilegung:<\/p>\n<p>Die Europ\u00e4ische Union h\u00e4lt unter <a href=\"http:\/\/ec.europa.eu\/consumers\/odr\/\">http:\/\/ec.europa.eu\/consumers\/odr\/<\/a> eine OnlineStreitbeilegungs-Plattform vor.<\/p>\n<p>Die Emailadresse der Anwaltskanzlei BALIN LEGAL lautet: <a href=\"mailto:info@balin-legal.de\">info@balin-legal.de<\/a><\/p>\n<p>Verantwortlicher Diensteanbieter f\u00fcr die Inhalte i.S.d. \u00a7 5 TMG:<br \/>\n<strong>Anwaltskanzlei BALIN LEGAL<\/strong><br \/>\n<strong>Rechtsanwalt Eugen Balin, LL.M.<\/strong><br \/>\n<strong>Esplanade 40, 20354 Hamburg<\/strong><br \/>\n<strong>Germany<\/strong><br \/>\n<strong>Telefon: + 49 (0)40 4 66 54 0 54<\/strong><br \/>\n<strong>Telefax: + 49 (0)40 4 66 54 0 55<\/strong><br \/>\n<strong>E-Mail: <a href=\"mailto:info@balin-legal.de\">info@balin-legal.de<\/a><\/strong><br \/>\n<strong>Internet: <a href=\"http:\/\/balin-legal.de\">www.balin-legal.de<\/a><\/strong><br \/>\n<strong>USt-IdNr.: DE296049662<\/strong><\/p>\n<p style=\"text-align: justify;\">Die gesetzliche Berufsbezeichnung lautet Rechtsanwalt und wurde Herrn Rechtsanwalt Eugen Balin, LL.M. in der Bundesrepublik Deutschland verliehen. Herr Rechtsanwalt Eugen Balin, LL.M. ist in der Bundesrepublik Deutschland zugelassener Rechtsanwalt und geh\u00f6rt der Hanseatischen Rechtsanwaltskammer Hamburg an.<\/p>\n<p>Zust\u00e4ndige Aufsichtsbeh\u00f6rde und Rechtsanwaltskammer:<br \/>\nHanseatische Rechtsanwaltskammer Hamburg K.d.\u00f6.R.<br \/>\nValentinskamp 88<br \/>\n20355 Hamburg<br \/>\nBundesrepublik Deutschland<br \/>\nTel.: 040 \/ 35 74 41 &#8211; 0<br \/>\nFax: 040 \/ 35 74 41 &#8211; 41<br \/>\nBerufsrechtliche Vorschriften f\u00fcr Rechtsanw\u00e4lte:<br \/>\nBundesrechtsanwaltsordnung (BRAO),<br \/>\nBerufsordnung (BORA),<br \/>\nFachanwaltsordnung (FAO)<br \/>\nRechtsanwaltsverg\u00fctungsgesetz (RVG)<br \/>\nBerufsregeln der Rechtsanw\u00e4lte der Europ\u00e4ischen Union (CCBE).<br \/>\nDie berufsrechtlichen Regelungen k\u00f6nnen \u00fcber die Homepage der Bundesrechtsanwaltskammer (www.brak.de) in der Rubrik \u201eBerufsrecht\u201c auf Deutsch und Englisch eingesehen und abgerufen werden (http:\/\/www.brak.de\/seiten\/06.php#tdg).<\/p>\n<p>Berufshaftpflichtversicherung:<br \/>\nR+V Allgemeine Versicherung AG<br \/>\nRaiffeisenplatz 1<br \/>\n65189 Wiesbaden<br \/>\nR\u00e4umlicher Geltungsbereich: Im gesamten EU-Gebiet und den Staaten des Abkommens \u00fcber<br \/>\nden Europ\u00e4ischen Wirtschaftsraum.<\/p>\n<p style=\"text-align: justify;\">Hinweis: Rechtsanw\u00e4ltinnen und Rechtsanw\u00e4lte sind aufgrund der Bundesrechtsanwaltsordnung verpflichtet, eine Berufshaftpflichtversicherung mit einer Mindestversicherungssumme von 250.000 \u20ac zu unterhalten. Die Einzelheiten ergeben sich aus \u00a7 51 BRAO.<\/p>\n<p style=\"text-align: justify;\">Die Wahrnehmung widerstreitender Interessen ist Rechtsanw\u00e4lten aufgrund berufsrechtlicher Regelungen untersagt (\u00a7 43a Abs. 4 BRAO). Vor Annahme eines Mandates wird deshalb immer gepr\u00fcft, ob ein Interessenkonflikt vorliegt.<\/p>\n<p><strong>Hinweis:<\/strong><br \/>\nWerbe-E-Mails, Werbeanrufe, Werbe-Faxnachrichten und Werbeschreiben auf dem Postweg auch einmaliger Natur, sind ausdr\u00fccklich unerw\u00fcnscht. Die Veranlasser und Auftraggeber unerbetener Werbung werden ohne Vorank\u00fcndigung kostenpflichtig auf Unterlassung in Anspruch genommen.<\/p>\n<p style=\"text-align: justify;\">Trotz sorgf\u00e4ltiger inhaltlicher Kontrolle \u00fcbernehmen wir keine Haftung f\u00fcr die Inhalte externer Links. F\u00fcr den Inhalt der verlinkten Seiten sind ausschlie\u00dflich deren Betreiber verantwortlich.<\/p>\n<p>[\/vc_column_text][\/vc_column][\/vc_row]<\/p>\n","protected":false},"excerpt":{"rendered":"<p>Impressum [vc_row][vc_column][vc_column_text]Dies ist eine Internetseite der Anwaltskanzlei BALIN LEGAL, vertreten durch Herrn Rechtsanwalt Eugen Balin, LL.M. Hinweis zur Online-Streitbeilegung: Die Europ\u00e4ische Union h\u00e4lt unter http:\/\/ec.europa.eu\/consumers\/odr\/ eine OnlineStreitbeilegungs-Plattform vor. Die Emailadresse der Anwaltskanzlei BALIN LEGAL lautet: info@balin-legal.de Verantwortlicher Diensteanbieter f\u00fcr die Inhalte i.S.d. \u00a7 5 TMG: Anwaltskanzlei BALIN LEGAL Rechtsanwalt Eugen Balin, LL.M. Esplanade 40, 20354 [&hellip;]<\/p>\n","protected":false},"author":1,"featured_media":0,"parent":0,"menu_order":0,"comment_status":"closed","ping_status":"closed","template":"","meta":[],"translation":{"provider":"WPGlobus","version":"2.5.16","language":"en","enabled_languages":["de","en","fr","ru"],"languages":{"de":{"title":true,"content":true,"excerpt":false},"en":{"title":false,"content":false,"excerpt":false},"fr":{"title":false,"content":false,"excerpt":false},"ru":{"title":false,"content":false,"excerpt":false}}},"_links":{"self":[{"href":"http:\/\/balin-legal.de\/en\/wp-json\/wp\/v2\/pages\/1717"}],"collection":[{"href":"http:\/\/balin-legal.de\/en\/wp-json\/wp\/v2\/pages"}],"about":[{"href":"http:\/\/balin-legal.de\/en\/wp-json\/wp\/v2\/types\/page"}],"author":[{"embeddable":true,"href":"http:\/\/balin-legal.de\/en\/wp-json\/wp\/v2\/users\/1"}],"replies":[{"embeddable":true,"href":"http:\/\/balin-legal.de\/en\/wp-json\/wp\/v2\/comments?post=1717"}],"version-history":[{"count":14,"href":"http:\/\/balin-legal.de\/en\/wp-json\/wp\/v2\/pages\/1717\/revisions"}],"predecessor-version":[{"id":2893,"href":"http:\/\/balin-legal.de\/en\/wp-json\/wp\/v2\/pages\/1717\/revisions\/2893"}],"wp:attachment":[{"href":"http:\/\/balin-legal.de\/en\/wp-json\/wp\/v2\/media?parent=1717"}],"curies":[{"name":"wp","href":"https:\/\/api.w.org\/{rel}","templated":true}]}}